{"id":7,"date":"2022-10-11T11:36:36","date_gmt":"2022-10-11T11:36:36","guid":{"rendered":"https:\/\/strony.wne.uw.edu.pl\/mbrzozowicz\/?page_id=7"},"modified":"2022-10-11T12:11:43","modified_gmt":"2022-10-11T12:11:43","slug":"szanowni-panstwo","status":"publish","type":"page","link":"https:\/\/strony.wne.uw.edu.pl\/mbrzozowicz\/","title":{"rendered":"Szanowni Pa\u0144stwo!"},"content":{"rendered":"\n<p>Witam na stronie po\u015bwi\u0119conej prowadzonej przeze mnie zaj\u0119ciom.<\/p>\n\n\n\n<p><\/p>\n\n\n\n<p>Magdalena Brzozowicz<\/p>\n","protected":false},"excerpt":{"rendered":"<p>Witam na stronie po\u015bwi\u0119conej prowadzonej przeze mnie zaj\u0119ciom. Magdalena Brzozowicz<\/p>\n","protected":false},"author":14,"featured_media":0,"parent":0,"menu_order":0,"comment_status":"closed","ping_status":"closed","template":"","meta":[],"_links":{"self":[{"href":"https:\/\/strony.wne.uw.edu.pl\/mbrzozowicz\/wp-json\/wp\/v2\/pages\/7"}],"collection":[{"href":"https:\/\/strony.wne.uw.edu.pl\/mbrzozowicz\/wp-json\/wp\/v2\/pages"}],"about":[{"href":"https:\/\/strony.wne.uw.edu.pl\/mbrzozowicz\/wp-json\/wp\/v2\/types\/page"}],"author":[{"embeddable":true,"href":"https:\/\/strony.wne.uw.edu.pl\/mbrzozowicz\/wp-json\/wp\/v2\/users\/14"}],"replies":[{"embeddable":true,"href":"https:\/\/strony.wne.uw.edu.pl\/mbrzozowicz\/wp-json\/wp\/v2\/comments?post=7"}],"version-history":[{"count":2,"href":"https:\/\/strony.wne.uw.edu.pl\/mbrzozowicz\/wp-json\/wp\/v2\/pages\/7\/revisions"}],"predecessor-version":[{"id":20,"href":"https:\/\/strony.wne.uw.edu.pl\/mbrzozowicz\/wp-json\/wp\/v2\/pages\/7\/revisions\/20"}],"wp:attachment":[{"href":"https:\/\/strony.wne.uw.edu.pl\/mbrzozowicz\/wp-json\/wp\/v2\/media?parent=7"}],"curies":[{"name":"wp","href":"https:\/\/api.w.org\/{rel}","templated":true}]}}