{"id":2,"date":"2022-10-10T13:18:18","date_gmt":"2022-10-10T13:18:18","guid":{"rendered":"https:\/\/strony.wne.uw.edu.pl\/mbrzozowicz\/?page_id=2"},"modified":"2023-02-02T12:34:09","modified_gmt":"2023-02-02T12:34:09","slug":"sample-page","status":"publish","type":"page","link":"https:\/\/strony.wne.uw.edu.pl\/mbrzozowicz\/sample-page\/","title":{"rendered":"Mikroekonomia I"},"content":{"rendered":"\n<h3 class=\"wp-block-heading\">1. Podstawowe poj\u0119cia<\/h3>\n\n\n\n<div class=\"wp-block-file\"><a href=\"https:\/\/strony.wne.uw.edu.pl\/mbrzozowicz\/wp-content\/uploads\/sites\/11\/2022\/10\/w1-zabezpieczony.pdf\">w1<\/a><a href=\"https:\/\/strony.wne.uw.edu.pl\/mbrzozowicz\/wp-content\/uploads\/sites\/11\/2022\/10\/w1-zabezpieczony.pdf\" class=\"wp-block-file__button\" download>Pobierz<\/a><\/div>\n\n\n\n<h3 class=\"wp-block-heading\">2. Ograniczenie bud\u017cetowe<\/h3>\n\n\n\n<div class=\"wp-block-file\"><a href=\"https:\/\/strony.wne.uw.edu.pl\/mbrzozowicz\/wp-content\/uploads\/sites\/11\/2022\/10\/w2.pdf\">w2<\/a><a href=\"https:\/\/strony.wne.uw.edu.pl\/mbrzozowicz\/wp-content\/uploads\/sites\/11\/2022\/10\/w2.pdf\" class=\"wp-block-file__button\" download>Pobierz<\/a><\/div>\n\n\n\n<p>3. Preferencje<\/p>\n\n\n\n<div class=\"wp-block-file\"><a href=\"https:\/\/strony.wne.uw.edu.pl\/mbrzozowicz\/wp-content\/uploads\/sites\/11\/2022\/10\/w3_Brzozowicz-zabezpieczony.pdf\">w3<\/a><a href=\"https:\/\/strony.wne.uw.edu.pl\/mbrzozowicz\/wp-content\/uploads\/sites\/11\/2022\/10\/w3_Brzozowicz-zabezpieczony.pdf\" class=\"wp-block-file__button\" download>Pobierz<\/a><\/div>\n\n\n\n<p>4. U\u017cyteczno\u015b\u0107<\/p>\n\n\n\n<div class=\"wp-block-file\"><a href=\"https:\/\/strony.wne.uw.edu.pl\/mbrzozowicz\/wp-content\/uploads\/sites\/11\/2022\/10\/w4-zabezpieczony.pdf\">w4<\/a><a href=\"https:\/\/strony.wne.uw.edu.pl\/mbrzozowicz\/wp-content\/uploads\/sites\/11\/2022\/10\/w4-zabezpieczony.pdf\" class=\"wp-block-file__button\" download>Pobierz<\/a><\/div>\n\n\n\n<p>5. Wyb\u00f3r<\/p>\n\n\n\n<div class=\"wp-block-file\"><a href=\"https:\/\/strony.wne.uw.edu.pl\/mbrzozowicz\/wp-content\/uploads\/sites\/11\/2022\/11\/w5-zabezpieczony.pdf\">w5<\/a><a href=\"https:\/\/strony.wne.uw.edu.pl\/mbrzozowicz\/wp-content\/uploads\/sites\/11\/2022\/11\/w5-zabezpieczony.pdf\" class=\"wp-block-file__button\" download>Pobierz<\/a><\/div>\n\n\n\n<p>6. Popyt<\/p>\n\n\n\n<div class=\"wp-block-file\"><a href=\"https:\/\/strony.wne.uw.edu.pl\/mbrzozowicz\/wp-content\/uploads\/sites\/11\/2022\/11\/w6-zabezpieczony.pdf\">w6<\/a><a href=\"https:\/\/strony.wne.uw.edu.pl\/mbrzozowicz\/wp-content\/uploads\/sites\/11\/2022\/11\/w6-zabezpieczony.pdf\" class=\"wp-block-file__button\" download>Pobierz<\/a><\/div>\n\n\n\n<p>7. Preferencje ujawnione<\/p>\n\n\n\n<div class=\"wp-block-file\"><a href=\"https:\/\/strony.wne.uw.edu.pl\/mbrzozowicz\/wp-content\/uploads\/sites\/11\/2022\/11\/SodaPDF-protected-wyklad_7.pdf\">w7<\/a><a href=\"https:\/\/strony.wne.uw.edu.pl\/mbrzozowicz\/wp-content\/uploads\/sites\/11\/2022\/11\/SodaPDF-protected-wyklad_7.pdf\" class=\"wp-block-file__button\" download>Pobierz<\/a><\/div>\n\n\n\n<p>8. R\u00f3wnanie S\u0142uckiego<\/p>\n\n\n\n<div class=\"wp-block-file\"><a href=\"https:\/\/strony.wne.uw.edu.pl\/mbrzozowicz\/wp-content\/uploads\/sites\/11\/2022\/11\/wyklad_8a-zabezpieczony.pdf\">w8<\/a><a href=\"https:\/\/strony.wne.uw.edu.pl\/mbrzozowicz\/wp-content\/uploads\/sites\/11\/2022\/11\/wyklad_8a-zabezpieczony.pdf\" class=\"wp-block-file__button\" download>Pobierz<\/a><\/div>\n\n\n\n<p>9. Kupowanie i sprzedawanie<\/p>\n\n\n\n<div class=\"wp-block-file\"><a href=\"https:\/\/strony.wne.uw.edu.pl\/mbrzozowicz\/wp-content\/uploads\/sites\/11\/2022\/11\/wyklad_9-zabezpieczony.pdf\">w9<\/a><a href=\"https:\/\/strony.wne.uw.edu.pl\/mbrzozowicz\/wp-content\/uploads\/sites\/11\/2022\/11\/wyklad_9-zabezpieczony.pdf\" class=\"wp-block-file__button\" download>Pobierz<\/a><\/div>\n\n\n\n<p>10. Nadwy\u017cka konsumenta<\/p>\n\n\n\n<div class=\"wp-block-file\"><a href=\"https:\/\/strony.wne.uw.edu.pl\/mbrzozowicz\/wp-content\/uploads\/sites\/11\/2022\/12\/wyklad_10-zabezpieczony.pdf\">w10<\/a><a href=\"https:\/\/strony.wne.uw.edu.pl\/mbrzozowicz\/wp-content\/uploads\/sites\/11\/2022\/12\/wyklad_10-zabezpieczony.pdf\" class=\"wp-block-file__button\" download>Pobierz<\/a><\/div>\n\n\n\n<p>11. Wyb\u00f3r mi\u0119dzyokresowy<\/p>\n\n\n\n<div class=\"wp-block-file\"><a href=\"https:\/\/strony.wne.uw.edu.pl\/mbrzozowicz\/wp-content\/uploads\/sites\/11\/2022\/12\/wyklad_11a.pdf\">w11<\/a><a href=\"https:\/\/strony.wne.uw.edu.pl\/mbrzozowicz\/wp-content\/uploads\/sites\/11\/2022\/12\/wyklad_11a.pdf\" class=\"wp-block-file__button\" download>Pobierz<\/a><\/div>\n\n\n\n<p>12. Rynki aktyw\u00f3w<\/p>\n\n\n\n<div class=\"wp-block-file\"><a href=\"https:\/\/strony.wne.uw.edu.pl\/mbrzozowicz\/wp-content\/uploads\/sites\/11\/2023\/01\/wyklad-12-zabezpieczony.pdf\">w12<\/a><a href=\"https:\/\/strony.wne.uw.edu.pl\/mbrzozowicz\/wp-content\/uploads\/sites\/11\/2023\/01\/wyklad-12-zabezpieczony.pdf\" class=\"wp-block-file__button\" download>Pobierz<\/a><\/div>\n\n\n\n<p>13. Niepewno\u015b\u0107<\/p>\n\n\n\n<div class=\"wp-block-file\"><a href=\"https:\/\/strony.wne.uw.edu.pl\/mbrzozowicz\/wp-content\/uploads\/sites\/11\/2023\/01\/wyklad_13a-zabezpieczony.pdf\">w13<\/a><a href=\"https:\/\/strony.wne.uw.edu.pl\/mbrzozowicz\/wp-content\/uploads\/sites\/11\/2023\/01\/wyklad_13a-zabezpieczony.pdf\" class=\"wp-block-file__button\" download>Pobierz<\/a><\/div>\n\n\n\n<p>14. Powt\u00f3rzenie<\/p>\n\n\n\n<div class=\"wp-block-file\"><a href=\"https:\/\/strony.wne.uw.edu.pl\/mbrzozowicz\/wp-content\/uploads\/sites\/11\/2023\/02\/Wyklad-14-powtorzenie-zabezpieczony-1.pdf\">W14<\/a><a href=\"https:\/\/strony.wne.uw.edu.pl\/mbrzozowicz\/wp-content\/uploads\/sites\/11\/2023\/02\/Wyklad-14-powtorzenie-zabezpieczony-1.pdf\" class=\"wp-block-file__button\" download>Pobierz<\/a><\/div>\n","protected":false},"excerpt":{"rendered":"<p>1. Podstawowe poj\u0119cia 2. Ograniczenie bud\u017cetowe 3. Preferencje 4. U\u017cyteczno\u015b\u0107 5. Wyb\u00f3r 6. Popyt 7. Preferencje ujawnione 8. R\u00f3wnanie S\u0142uckiego 9. Kupowanie i sprzedawanie 10. Nadwy\u017cka konsumenta 11. Wyb\u00f3r mi\u0119dzyokresowy 12. Rynki aktyw\u00f3w 13. Niepewno\u015b\u0107 14. Powt\u00f3rzenie<\/p>\n","protected":false},"author":14,"featured_media":0,"parent":0,"menu_order":0,"comment_status":"closed","ping_status":"open","template":"","meta":[],"_links":{"self":[{"href":"https:\/\/strony.wne.uw.edu.pl\/mbrzozowicz\/wp-json\/wp\/v2\/pages\/2"}],"collection":[{"href":"https:\/\/strony.wne.uw.edu.pl\/mbrzozowicz\/wp-json\/wp\/v2\/pages"}],"about":[{"href":"https:\/\/strony.wne.uw.edu.pl\/mbrzozowicz\/wp-json\/wp\/v2\/types\/page"}],"author":[{"embeddable":true,"href":"https:\/\/strony.wne.uw.edu.pl\/mbrzozowicz\/wp-json\/wp\/v2\/users\/14"}],"replies":[{"embeddable":true,"href":"https:\/\/strony.wne.uw.edu.pl\/mbrzozowicz\/wp-json\/wp\/v2\/comments?post=2"}],"version-history":[{"count":10,"href":"https:\/\/strony.wne.uw.edu.pl\/mbrzozowicz\/wp-json\/wp\/v2\/pages\/2\/revisions"}],"predecessor-version":[{"id":66,"href":"https:\/\/strony.wne.uw.edu.pl\/mbrzozowicz\/wp-json\/wp\/v2\/pages\/2\/revisions\/66"}],"wp:attachment":[{"href":"https:\/\/strony.wne.uw.edu.pl\/mbrzozowicz\/wp-json\/wp\/v2\/media?parent=2"}],"curies":[{"name":"wp","href":"https:\/\/api.w.org\/{rel}","templated":true}]}}