{"id":33,"date":"2024-06-28T14:58:21","date_gmt":"2024-06-28T12:58:21","guid":{"rendered":"https:\/\/strony.wne.uw.edu.pl\/kskrzypek\/?page_id=33"},"modified":"2025-09-04T15:18:53","modified_gmt":"2025-09-04T13:18:53","slug":"teaching","status":"publish","type":"page","link":"https:\/\/strony.wne.uw.edu.pl\/kskrzypek\/teaching\/","title":{"rendered":"Teaching"},"content":{"rendered":"\n<div class=\"wp-block-buttons is-layout-flex\">\n<div class=\"wp-block-button has-custom-width wp-block-button__width-50\"><a class=\"wp-block-button__link wp-element-button\" href=\"https:\/\/strony.wne.uw.edu.pl\/kskrzypek\/test\/\">Mikroekonomia I<\/a><\/div>\n\n\n\n<div class=\"wp-block-button has-custom-width wp-block-button__width-50\"><a class=\"wp-block-button__link wp-element-button\" href=\"https:\/\/strony.wne.uw.edu.pl\/kskrzypek\/mikroekonomia-ii\/\">MiKroekonomia II<\/a><\/div>\n\n\n\n<div class=\"wp-block-button has-custom-width wp-block-button__width-50\"><a class=\"wp-block-button__link wp-element-button\">Microeconomics I<\/a><\/div>\n<\/div>\n\n\n\n<p><\/p>\n\n\n\n<p><strong>News:<\/strong><\/p>\n\n\n\n<p><strong>Emails:<\/strong><\/p>\n\n\n\n<p>To <strong>avoid your emails being flagged as spam<\/strong> please include the phrase &#8220;Micro tutorials&#8221; or &#8220;Mikro \u0107wiczenia&#8221; before your email&#8217;s title.<\/p>\n\n\n\n<p><strong>Komunikacja mailowa<\/strong><\/p>\n\n\n\n<p>Prosz\u0119 poprzedzi\u0107 temat maila fraz\u0105 &#8220;mikro \u0107wiczenia&#8221; (dok\u0142adna informacja poni\u017cej w j\u0119zyku angielskim) &#8211; <strong>inaczej mail mo\u017ce trafi\u0107 do spamu.<\/strong><\/p>\n\n\n\n<div class=\"wp-block-columns is-layout-flex wp-container-4\">\n<div class=\"wp-block-column is-layout-flow\" style=\"flex-basis:33.33%\"><\/div>\n\n\n\n<div class=\"wp-block-column is-layout-flow\" style=\"flex-basis:66.66%\"><\/div>\n<\/div>\n\n\n\n<p><strong>Office hours:<\/strong><\/p>\n\n\n\n<p>Thursday 11:00-11:30 at the Faculty of Economic Sciences or remotely. <\/p>\n\n\n\n<p>Room \/ Zoom link scheduled upon request!<\/p>\n\n\n\n<p><\/p>\n","protected":false},"excerpt":{"rendered":"<p>News: Emails: To avoid your emails being flagged as spam please include the phrase &#8220;Micro tutorials&#8221; or &#8220;Mikro \u0107wiczenia&#8221; before your email&#8217;s title. Komunikacja mailowa Prosz\u0119 poprzedzi\u0107 temat maila fraz\u0105 &#8220;mikro \u0107wiczenia&#8221; (dok\u0142adna informacja poni\u017cej w j\u0119zyku angielskim) &#8211; inaczej mail mo\u017ce trafi\u0107 do spamu. Office hours: Thursday 11:00-11:30 at the Faculty of Economic Sciences [&hellip;]<\/p>\n","protected":false},"author":20,"featured_media":0,"parent":0,"menu_order":0,"comment_status":"closed","ping_status":"closed","template":"","meta":[],"_links":{"self":[{"href":"https:\/\/strony.wne.uw.edu.pl\/kskrzypek\/wp-json\/wp\/v2\/pages\/33"}],"collection":[{"href":"https:\/\/strony.wne.uw.edu.pl\/kskrzypek\/wp-json\/wp\/v2\/pages"}],"about":[{"href":"https:\/\/strony.wne.uw.edu.pl\/kskrzypek\/wp-json\/wp\/v2\/types\/page"}],"author":[{"embeddable":true,"href":"https:\/\/strony.wne.uw.edu.pl\/kskrzypek\/wp-json\/wp\/v2\/users\/20"}],"replies":[{"embeddable":true,"href":"https:\/\/strony.wne.uw.edu.pl\/kskrzypek\/wp-json\/wp\/v2\/comments?post=33"}],"version-history":[{"count":10,"href":"https:\/\/strony.wne.uw.edu.pl\/kskrzypek\/wp-json\/wp\/v2\/pages\/33\/revisions"}],"predecessor-version":[{"id":184,"href":"https:\/\/strony.wne.uw.edu.pl\/kskrzypek\/wp-json\/wp\/v2\/pages\/33\/revisions\/184"}],"wp:attachment":[{"href":"https:\/\/strony.wne.uw.edu.pl\/kskrzypek\/wp-json\/wp\/v2\/media?parent=33"}],"curies":[{"name":"wp","href":"https:\/\/api.w.org\/{rel}","templated":true}]}}