{"id":18,"date":"2024-06-27T15:04:10","date_gmt":"2024-06-27T13:04:10","guid":{"rendered":"https:\/\/strony.wne.uw.edu.pl\/kskrzypek\/?page_id=18"},"modified":"2025-01-23T13:21:27","modified_gmt":"2025-01-23T12:21:27","slug":"test","status":"publish","type":"page","link":"https:\/\/strony.wne.uw.edu.pl\/kskrzypek\/test\/","title":{"rendered":"Mikroekonomia I"},"content":{"rendered":"\n<p><strong>Zasady zaliczenia<\/strong><\/p>\n\n\n\n<p>Zaliczenie przedmiotu Mikroekonomia I wymaga zaliczenia egzaminu ko\u0144cowego (&gt;50%) oraz uzyskania pozytywnej oceny z \u0107wicze\u0144.<\/p>\n\n\n\n<p>Na \u0107wiczeniach mo\u017cna zdoby\u0107 maksymalnie 100 pkt:<\/p>\n\n\n\n<ul><li>maks. 70 punkt\u00f3w z kolokwium (przeprowadzone na ostatnich zaj\u0119ciach w semestrze)<\/li><li>maks. 30 punkt\u00f3w za aktywno\u015b\u0107 na \u0107wiczeniach, w tym:<ul><li>25 punkt\u00f3w za kartk\u00f3wki (5 kartk\u00f3wek)<\/li><li>dodatkowe punkty za prace domowe (2 prace domowe w semestrze, maks. 5 pkt. za ka\u017cd\u0105)<\/li><li>dodatkowe punkty za rozwi\u0105zywanie zada\u0144 na zaj\u0119ciach (maks. 3)<\/li><\/ul><\/li><\/ul>\n\n\n\n<p><span style=\"text-decoration: underline\">\u017beby zaliczy\u0107 \u0107wiczenia nale\u017cy uzyska\u0107 minimum 50% z kolokwium ORAZ minimum 50 punkt\u00f3w z \u0107wicze\u0144 og\u00f3lnie.<\/span><\/p>\n\n\n\n<p><strong>Prace domowe<\/strong><\/p>\n\n\n\n<p><strong><a rel=\"noreferrer noopener\" href=\"https:\/\/strony.wne.uw.edu.pl\/kskrzypek\/wp-content\/uploads\/sites\/16\/2024\/12\/PD1.pdf\" target=\"_blank\">Praca domowa 1<\/a><\/strong> &#8211; NOWY termin 16.01.2025<\/p>\n\n\n\n<p><a href=\"https:\/\/strony.wne.uw.edu.pl\/kskrzypek\/wp-content\/uploads\/sites\/16\/2025\/01\/PD2.pdf\" target=\"_blank\" rel=\"noreferrer noopener\"><strong>Praca domowa 2<\/strong><\/a> &#8211; termin oddania 29.01.2025 (prosz\u0119 zostawi\u0107 na portierni na moje nazwisko).<br>AKTUALIZACJA PLIKU &#8211; je\u015bli to mo\u017cliwe bardzo prosz\u0119 o wydrukowanie nowego pliku i oddanie go razem z prac\u0105 domow\u0105 (spi\u0119te kartki lub jedna kartka zapisana dwustronnie). Przy\u015bpieszy to wystawianie ocen za prace domowe.<\/p>\n\n\n\n<p><strong>Wyniki<\/strong><\/p>\n\n\n\n<p><strong><a rel=\"noreferrer noopener\" href=\"https:\/\/strony.wne.uw.edu.pl\/kskrzypek\/wp-content\/uploads\/sites\/16\/2025\/01\/wyniki_mikro1.xlsx\" data-type=\"URL\" target=\"_blank\">Plik z wynikami<\/a><\/strong> &#8211; aktualizacja 23.01.2025 (UWAGA: oceny nie uwzgl\u0119dniaj\u0105 jeszcze pracy domowej 2)<\/p>\n\n\n\n<p>Ogl\u0105danie kolokwi\u00f3w b\u0119dzie mo\u017cliwe 30.01.2025 od 9 do 11:30. Prosz\u0119 o e-mail je\u015bli zamierzaj\u0105 si\u0119 pa\u0144stwo pojawi\u0107.<\/p>\n","protected":false},"excerpt":{"rendered":"<p>Zasady zaliczenia Zaliczenie przedmiotu Mikroekonomia I wymaga zaliczenia egzaminu ko\u0144cowego (&gt;50%) oraz uzyskania pozytywnej oceny z \u0107wicze\u0144. Na \u0107wiczeniach mo\u017cna zdoby\u0107 maksymalnie 100 pkt: maks. 70 punkt\u00f3w z kolokwium (przeprowadzone na ostatnich zaj\u0119ciach w semestrze) maks. 30 punkt\u00f3w za aktywno\u015b\u0107 na \u0107wiczeniach, w tym: 25 punkt\u00f3w za kartk\u00f3wki (5 kartk\u00f3wek) dodatkowe punkty za prace domowe [&hellip;]<\/p>\n","protected":false},"author":20,"featured_media":0,"parent":0,"menu_order":0,"comment_status":"closed","ping_status":"closed","template":"","meta":[],"_links":{"self":[{"href":"https:\/\/strony.wne.uw.edu.pl\/kskrzypek\/wp-json\/wp\/v2\/pages\/18"}],"collection":[{"href":"https:\/\/strony.wne.uw.edu.pl\/kskrzypek\/wp-json\/wp\/v2\/pages"}],"about":[{"href":"https:\/\/strony.wne.uw.edu.pl\/kskrzypek\/wp-json\/wp\/v2\/types\/page"}],"author":[{"embeddable":true,"href":"https:\/\/strony.wne.uw.edu.pl\/kskrzypek\/wp-json\/wp\/v2\/users\/20"}],"replies":[{"embeddable":true,"href":"https:\/\/strony.wne.uw.edu.pl\/kskrzypek\/wp-json\/wp\/v2\/comments?post=18"}],"version-history":[{"count":10,"href":"https:\/\/strony.wne.uw.edu.pl\/kskrzypek\/wp-json\/wp\/v2\/pages\/18\/revisions"}],"predecessor-version":[{"id":121,"href":"https:\/\/strony.wne.uw.edu.pl\/kskrzypek\/wp-json\/wp\/v2\/pages\/18\/revisions\/121"}],"wp:attachment":[{"href":"https:\/\/strony.wne.uw.edu.pl\/kskrzypek\/wp-json\/wp\/v2\/media?parent=18"}],"curies":[{"name":"wp","href":"https:\/\/api.w.org\/{rel}","templated":true}]}}