{"id":124,"date":"2025-02-17T12:23:39","date_gmt":"2025-02-17T11:23:39","guid":{"rendered":"https:\/\/strony.wne.uw.edu.pl\/kskrzypek\/?page_id=124"},"modified":"2025-09-03T22:23:59","modified_gmt":"2025-09-03T20:23:59","slug":"mikroekonomia-ii","status":"publish","type":"page","link":"https:\/\/strony.wne.uw.edu.pl\/kskrzypek\/mikroekonomia-ii\/","title":{"rendered":"Mikroekonomia II"},"content":{"rendered":"\n<p><strong>Zasady zaliczenia<\/strong><\/p>\n\n\n\n<p>Zaliczenie przedmiotu Mikroekonomia II wymaga zaliczenia egzaminu ko\u0144cowego (&gt;50%) oraz uzyskania pozytywnej oceny z \u0107wicze\u0144.<\/p>\n\n\n\n<p>Na \u0107wiczeniach mo\u017cna zdoby\u0107 maksymalnie 100 pkt:<\/p>\n\n\n\n<ul id=\"block-c4d84d6a-bd4b-41b9-87cc-5d9f40bf9700\">\n<li>maks. 70 punkt\u00f3w z kolokwium (przeprowadzone na ostatnich zaj\u0119ciach w semestrze)<\/li>\n\n\n\n<li>maks. 30 punkt\u00f3w za aktywno\u015b\u0107 na \u0107wiczeniach, w tym:\n<ul>\n<li>25 punkt\u00f3w za kartk\u00f3wki (\u015brednia % z kartk\u00f3wek *25)<\/li>\n\n\n\n<li>dodatkowe punkty za prace domowe (2 prace domowe w semestrze, maks. 5 pkt. za ka\u017cd\u0105)<\/li>\n\n\n\n<li>dodatkowe punkty za rozwi\u0105zywanie zada\u0144 na zaj\u0119ciach (maks. 3)<\/li>\n<\/ul>\n<\/li>\n<\/ul>\n\n\n\n<p><span style=\"text-decoration: underline\">\u017beby zaliczy\u0107 \u0107wiczenia nale\u017cy uzyska\u0107 minimum 50% z kolokwium ORAZ minimum 50 punkt\u00f3w z \u0107wicze\u0144 og\u00f3lnie.<\/span><\/p>\n\n\n\n<p><strong>Prace domowe<\/strong><\/p>\n\n\n\n<p>Praca domowa 1<\/p>\n\n\n\n<p>Praca domowa 2 <\/p>\n\n\n\n<p><strong>Wyniki<\/strong><\/p>\n\n\n\n<p><a href=\"https:\/\/strony.wne.uw.edu.pl\/kskrzypek\/wp-content\/uploads\/sites\/16\/2025\/09\/share_24.25_wyniki_mikro_2.xlsx\" target=\"_blank\" rel=\"noreferrer noopener\">Plik z wynikami<\/a> &#8211; aktualizacja 03.09.2025<\/p>\n\n\n\n<p><strong>Wa\u017cne daty:<\/strong><\/p>\n\n\n\n<p><\/p>\n","protected":false},"excerpt":{"rendered":"<p>Zasady zaliczenia Zaliczenie przedmiotu Mikroekonomia II wymaga zaliczenia egzaminu ko\u0144cowego (&gt;50%) oraz uzyskania pozytywnej oceny z \u0107wicze\u0144. Na \u0107wiczeniach mo\u017cna zdoby\u0107 maksymalnie 100 pkt: \u017beby zaliczy\u0107 \u0107wiczenia nale\u017cy uzyska\u0107 minimum 50% z kolokwium ORAZ minimum 50 punkt\u00f3w z \u0107wicze\u0144 og\u00f3lnie. Prace domowe Praca domowa 1 Praca domowa 2 Wyniki Plik z wynikami &#8211; aktualizacja 03.09.2025 [&hellip;]<\/p>\n","protected":false},"author":20,"featured_media":0,"parent":0,"menu_order":0,"comment_status":"closed","ping_status":"closed","template":"","meta":[],"_links":{"self":[{"href":"https:\/\/strony.wne.uw.edu.pl\/kskrzypek\/wp-json\/wp\/v2\/pages\/124"}],"collection":[{"href":"https:\/\/strony.wne.uw.edu.pl\/kskrzypek\/wp-json\/wp\/v2\/pages"}],"about":[{"href":"https:\/\/strony.wne.uw.edu.pl\/kskrzypek\/wp-json\/wp\/v2\/types\/page"}],"author":[{"embeddable":true,"href":"https:\/\/strony.wne.uw.edu.pl\/kskrzypek\/wp-json\/wp\/v2\/users\/20"}],"replies":[{"embeddable":true,"href":"https:\/\/strony.wne.uw.edu.pl\/kskrzypek\/wp-json\/wp\/v2\/comments?post=124"}],"version-history":[{"count":10,"href":"https:\/\/strony.wne.uw.edu.pl\/kskrzypek\/wp-json\/wp\/v2\/pages\/124\/revisions"}],"predecessor-version":[{"id":182,"href":"https:\/\/strony.wne.uw.edu.pl\/kskrzypek\/wp-json\/wp\/v2\/pages\/124\/revisions\/182"}],"wp:attachment":[{"href":"https:\/\/strony.wne.uw.edu.pl\/kskrzypek\/wp-json\/wp\/v2\/media?parent=124"}],"curies":[{"name":"wp","href":"https:\/\/api.w.org\/{rel}","templated":true}]}}