{"id":592,"date":"2021-10-08T14:46:07","date_gmt":"2021-10-08T12:46:07","guid":{"rendered":"https:\/\/strony.wne.uw.edu.pl\/aczerwinski\/?page_id=592"},"modified":"2021-10-08T15:44:31","modified_gmt":"2021-10-08T13:44:31","slug":"rachunek-prawdopodobienstwa","status":"publish","type":"page","link":"https:\/\/strony.wne.uw.edu.pl\/aczerwinski\/teaching\/rachunek-prawdopodobienstwa\/","title":{"rendered":"Rachunek Prawdopodobie\u0144stwa"},"content":{"rendered":"\n<font size=\"3\"><p>\u0106wiczenia w semestrze zimowym 21\/22:<\/p>\n<strong> Zasady zaliczenia, materia\u0142y i prace domowe mo\u017cna znale\u017a\u0107 na <a href=\"http:\/\/strony.wne.uw.edu.pl\/ajanicka\/rp\/\">stronie wyk\u0142adu<\/a> <\/strong><br>\n<p style=\"text-align:left\"><strong>Attendance:<\/strong>\n<\/p><ul><li>Obecno\u015b\u0107 jest obowi\u0105zkowa,<\/li>\n<li> Dopuszczalne s\u0105 maksymalnie dwie (2) nieusprawiedliwione nieobecno\u015bci. W przypadku usprawiedliwionych sytuacji losowych innych ni\u017c choroba potwierdzona zwolnieniem lekarskim (np. skierowanie na izolacj\u0119 lub kwarantann\u0119), student zobowi\u0105zany jest do ustalenia z prowadz\u0105cym \u0107wiczenia alternatywnych zasad uczestnictwa w zaj\u0119ciach (przed zaj\u0119ciami, lub niezw\u0142ocznie w sytuacji nag\u0142ego wyst\u0105pienia problem\u00f3w). <\/li>\n<li>Przekroczenie limitu nieusprawiedliwionych nieobecno\u015bci, brak ustalenia z prowadz\u0105cym \u0107wiczenia indywidualnych alternatywnych zasad uczestnictwa lub niestosowanie si\u0119 do ustalonych zasad skutkuje niezaliczeniem ca\u0142ego przedmiotu (niezaliczenie \u0107wicze\u0144 i brak mo\u017cliwo\u015bci podchodzenia do egzaminu ani w I, ani w II terminie).<\/li><\/ul>\n <p><\/p>\n<p> <strong> Ocena z \u0107wicze\u0144 <\/strong> <br>\n<\/p><ul><li> Zaliczenie \u0107wicze\u0144 uzyskuje si\u0119 na podstawie wynik\u00f3w dw\u00f3ch sprawdzian\u00f3w (po 30p ka\u017cdy, przeprowadzane stacjonarnie w terminach wyznaczonych przez prowadz\u0105cego), aktywno\u015bci zespo\u0142owej na \u0107wiczeniach (30p) i aktywno\u015bci indywidualnej na kursie og\u00f3lnym moodle (10p). Aby uzyska\u0107 zaliczenie \u0107wicze\u0144, nale\u017cy zdoby\u0107 \u0142\u0105cznie co najmniej 50p<\/li>\n<li> Testy zostan\u0105 zapowiedziane z przynajmniej 2-tygodniowym wyprzedzeniem. Testy mo\u017cna poprawia\u0107 (dok\u0142adnie raz, przed sesj\u0105 poprawkow\u0105). <\/li>\n<li> Studenci z ka\u017cdej grupy zostan\u0105 podzieleni na podgrupy. Przed (prawie) ka\u017cdymi zaj\u0119ciami podgrupom przydzielane b\u0119d\u0105 zadania do rozwi\u0105zania. Reprezentant grupy (wybrany przez cz\u0142onk\u00f3w grupy) zobowi\u0105zany jest przedstawi\u0107 rozwi\u0105zanie przydzielonego danej grupie zadania podczas zaj\u0119\u0107 (o ile zostanie o to poproszony, co nie musi si\u0119 wydarzy\u0107).<\/li>\n<li> Za ka\u017cde poprawnie rozwi\u0105zane i zaprezentowane zadanie ka\u017cdy cz\u0142onek podgrupy otrzyma 1 punkt grupowy (GP). Je\u015bli rozwi\u0105zanie b\u0119dzie zawiera\u0142o pewne niewielkie b\u0142\u0119dy, ka\u017cdy cz\u0142onek podgrupy otrzyma 0.5 GP. Istotne b\u0142\u0119dy w rozwi\u0105zaniu lub odmowa zaprezentowania rozwi\u0105zania oznacza 0 GP dla ka\u017cdego cz\u0142onka podgrupy. <\/li>\n<li> Za jasne i klarowne wyt\u0142umaczenie poprawnie rozwi\u0105zanego zadania, osoba prezentuj\u0105ca otrzyma 1 punkt prezentera (PP). Za nie do ko\u0144ca klarowne zaprezentowanie poprawnego rozwi\u0105zania lub za zaprezentowanie zadania z niewielkimi b\u0142\u0119dami, osoba prezentuj\u0105ca otrzyma 0.5 PP. Je\u015bli osoba prezentuj\u0105ca wyka\u017ce si\u0119 ra\u017c\u0105cym niezrozumieniem przedstawianego problemu (niezale\u017cnie od poprawno\u015bci rozwi\u0105zania) zostanie jej przyznane -1 PP. Ka\u017cda sytuacja poza wymienionymi wy\u017cej oznacza\u0107 b\u0119dzie 0 PP dla osoby prezentuj\u0105cej. <\/li> \n<li> Aktywno\u015b\u0107 grupowa jest warta 30 punkt\u00f3w. Punkty za aktywno\u015b\u0107 b\u0119d\u0105 przyznawane ka\u017cdemu studentowi na podstawie zdobytych przez niego GP, PP, tego ile razy w dana grupa by\u0142a proszona o zaprezentowanie rozwi\u0105zania w trakcie trwania kursu (NO) oraz dodatkowych punkt\u00f3w za aktywno\u015b\u0107 przyznawanych przez prowadz\u0105cego (AP). Dla ka\u017cdego studenta obliczony zostanie wynik procentowy, zgodnie z formu\u0142\u0105: <br>\n<img decoding=\"async\" src=\"http:\/\/strony.wne.uw.edu.pl\/aczerwinski\/wp-content\/uploads\/sites\/4\/2021\/10\/FORMULA.png\"> <br>\ni przeskalowany do 30 punkt\u00f3w.\n<li> Aktywno\u015b\u0107 indywidualna wlicza si\u0119 do ko\u0144cowej oceny z \u0107wicze\u0144 z wag\u0105 10 p. Na stronie kursu moodle przedmiotu umieszczane b\u0119d\u0105 obowi\u0105zkowe aktywno\u015bci online (kr\u00f3ciutkie testy). Za terminowe uko\u0144czenie ka\u017cdej z 10 aktywno\u015bci student uzyska 1p (w sumie\n10p w semestrze).<\/li>\n<li> Aktywno\u015b\u0107 grupowa (30p) ani aktywno\u015b\u0107 indywidualna na platformie Moodle (10p) nie mog\u0105 by\u0107 poprawiane <\/li>\n\n<\/ul>\n<strong>Prace domowe:<\/strong>\n<ul><li>Prace domowe publikowane b\u0119d\u0105 na  <a href=\"http:\/\/strony.wne.uw.edu.pl\/ajanicka\/rp\/\">stronie wyk\u0142adu<\/a><\/li>\n<li> Rozwi\u0105zania nale\u017cy wgra\u0107 w odpowiednich miejscach na platformie Moodle przed up\u0142yni\u0119ciem terminu oddania. <\/li>\n<li> Prace domowe mo\u017cna poprawia\u0107 (dok\u0142adnie raz). Poprawy nale\u017cy wgra\u0107 na Moodle przed up\u0142ywem 2 tygodni od oryginalnego terminu oddania pracy domowej. Prace domowe wgrane po oryginalnym terminie, ale przed up\u0142ywem 2 tygodni, zaliczane s\u0105 jako &#8220;poprawy&#8221; <\/li>\n<li> W pracach domowych proszeni s\u0105 Pa\u0144stwo o podanie odpowiedzi w postaci dziesi\u0119tnej, zaokr\u0105glonej do 4 miejsc po przecinku. Za prace domowe, w kt\u00f3rych zasada ta nie b\u0119dzie przestrzegana otrzymaj\u0105 Pa\u0144stwo 0 punkt\u00f3w. <\/li>\n<li> Rozwi\u0105zania prac domowych nie musz\u0105 by\u0107 wgrywane na wzorach zamieszczonych na stronie przez wyk\u0142adowc\u00f3w. Dozwolone jest oddawanie skan\u00f3w rozwi\u0105za\u0144 na w\u0142asnych kartkach papieru o ile ostateczna odpowied\u017a zamieszczona zostanie na pocz\u0105tku rozwi\u0105zania, w widocznym miejscu i zostanie ona otoczona ramk\u0105. Za prace domowe, w kt\u00f3rych zasada ta nie b\u0119dzie przestrzegana otrzymaj\u0105 Pa\u0144stwo 0 punkt\u00f3w. <\/li><\/ul>\n<\/font><br>\n<img decoding=\"async\" src=\"http:\/\/strony.wne.uw.edu.pl\/aczerwinski\/wp-content\/uploads\/sites\/4\/2019\/02\/UW.jpg\">\n","protected":false},"excerpt":{"rendered":"<p>\u0106wiczenia w semestrze zimowym 21\/22: Zasady zaliczenia, materia\u0142y i prace domowe mo\u017cna znale\u017a\u0107 na stronie wyk\u0142adu Attendance: Obecno\u015b\u0107 jest obowi\u0105zkowa, Dopuszczalne s\u0105 maksymalnie dwie (2) nieusprawiedliwione nieobecno\u015bci. W przypadku usprawiedliwionych sytuacji losowych innych ni\u017c choroba potwierdzona zwolnieniem lekarskim (np. skierowanie na izolacj\u0119 lub kwarantann\u0119), student zobowi\u0105zany jest do ustalenia z prowadz\u0105cym \u0107wiczenia alternatywnych zasad uczestnictwa &hellip; <\/p>\n<p class=\"link-more\"><a href=\"https:\/\/strony.wne.uw.edu.pl\/aczerwinski\/teaching\/rachunek-prawdopodobienstwa\/\" class=\"more-link\">Continue reading<span class=\"screen-reader-text\"> &#8220;Rachunek Prawdopodobie\u0144stwa&#8221;<\/span><\/a><\/p>\n","protected":false},"author":7,"featured_media":0,"parent":30,"menu_order":1,"comment_status":"closed","ping_status":"closed","template":"","meta":[],"_links":{"self":[{"href":"https:\/\/strony.wne.uw.edu.pl\/aczerwinski\/wp-json\/wp\/v2\/pages\/592"}],"collection":[{"href":"https:\/\/strony.wne.uw.edu.pl\/aczerwinski\/wp-json\/wp\/v2\/pages"}],"about":[{"href":"https:\/\/strony.wne.uw.edu.pl\/aczerwinski\/wp-json\/wp\/v2\/types\/page"}],"author":[{"embeddable":true,"href":"https:\/\/strony.wne.uw.edu.pl\/aczerwinski\/wp-json\/wp\/v2\/users\/7"}],"replies":[{"embeddable":true,"href":"https:\/\/strony.wne.uw.edu.pl\/aczerwinski\/wp-json\/wp\/v2\/comments?post=592"}],"version-history":[{"count":6,"href":"https:\/\/strony.wne.uw.edu.pl\/aczerwinski\/wp-json\/wp\/v2\/pages\/592\/revisions"}],"predecessor-version":[{"id":602,"href":"https:\/\/strony.wne.uw.edu.pl\/aczerwinski\/wp-json\/wp\/v2\/pages\/592\/revisions\/602"}],"up":[{"embeddable":true,"href":"https:\/\/strony.wne.uw.edu.pl\/aczerwinski\/wp-json\/wp\/v2\/pages\/30"}],"wp:attachment":[{"href":"https:\/\/strony.wne.uw.edu.pl\/aczerwinski\/wp-json\/wp\/v2\/media?parent=592"}],"curies":[{"name":"wp","href":"https:\/\/api.w.org\/{rel}","templated":true}]}}