{"id":25,"date":"2018-09-23T17:28:02","date_gmt":"2018-09-23T15:28:02","guid":{"rendered":"http:\/\/strony.wne.uw.edu.pl\/dgadowska\/?page_id=25"},"modified":"2018-09-25T22:19:48","modified_gmt":"2018-09-25T20:19:48","slug":"program-zajec","status":"publish","type":"page","link":"http:\/\/strony.wne.uw.edu.pl\/dgadowska\/finanse-1\/program-zajec\/","title":{"rendered":"Program zaj\u0119\u0107 &#8211; Finanse I"},"content":{"rendered":"<h3>FINANSE I &#8211; PROGRAM<\/h3>\n<h5>Wyk\u0142ad<\/h5>\n<p>30 godz. <\/p>\n<h5>\u0106wiczenia<\/h5>\n<p>30 godz.<\/p>\n<h5>Cel zaj\u0119\u0107<\/h5>\n<p>Celem wyk\u0142adu jest zapoznanie student\u00f3w ze zjawiskami zachodz\u0105cymi w \u015bwiecie finans\u00f3w. W ramach wyk\u0142adu przedstawione zostan\u0105 instrumenty finansowe, instytucje finansowe oraz zasady dzia\u0142ania systemu finansowego. Studenci zapoznaj\u0105 si\u0119 z metodami oceny ekonomiczno-finansowej przedsi\u0119biorstw oraz kryteriami stosowanymi podczas selekcji projekt\u00f3w inwestycyjnych. Na wyk\u0142adach poruszone zostan\u0105 r\u00f3wnie\u017c zagadnienia zwi\u0105zane z kalkulacj\u0105 warto\u015bci pieni\u0105dza w czasie, funkcjonowaniem gie\u0142d papier\u00f3w warto\u015bciowych, wycen\u0105 akcji i obligacji oraz z celami polityki finansowej pa\u0144stwa.<\/p>\n<h5>Wyk\u0142adowcy<\/h5>\n<p>dr Katarzyna D\u0105browska-Gruszczy\u0144ska\/Katedra Bankowo\u015bci, Finans\u00f3w i Rachunkowo\u015bci<\/p>\n<p>dr Dominika Gadowska &#8211; dos Santos\/Katedra Bankowo\u015bci, Finans\u00f3w i Rachunkowo\u015bci<\/p>\n<p>dr Marcin Gruszczy\u0144ski\/Katedra Makroekonomii i Teorii Handlu Zagranicznego<\/p>\n<h4>Program szczeg\u00f3\u0142owy<\/h4>\n<p>1. <strong>Obszar Finans\u00f3w, sk\u0142adniki systemu finansowego<\/strong>: Podzia\u0142 Finans\u00f3w na: finanse przedsi\u0119biorstw, bankowo\u015b\u0107, ubezpieczenia, finanse mi\u0119dzynarodowe, finanse zarz\u0105dcze, teoria rynku kapita\u0142owego, finanse publiczne. Sk\u0142adniki systemu finansowego: instrumenty, rynki, instytucje, zasady funkcjonowania. Rynek pieni\u0119\u017cny, kapita\u0142owy, terminowy: instrumenty, uczestnicy.<\/p>\n<p>2. <strong>Finanse przedsi\u0119biorstw<\/strong>: Metody pozyskiwania funduszy na dzia\u0142alno\u015b\u0107. Sprawozdawczo\u015b\u0107 finansowa przedsi\u0119biorstw: bilans, rachunek zysk\u00f3w i strat, rachunek przep\u0142yw\u00f3w \u015brodk\u00f3w pienie\u017cnych. Wst\u0119pna analiza finansowa konkretnego przypadku przedsi\u0119biorstwa: analiza pozioma i pionowa sprawozda\u0144 finansowych, cash flow. Analiza wska\u017anikowa. <\/p>\n<p>3. <strong>Warto\u015b\u0107 pieni\u0105dza w czasie<\/strong>: Warto\u015b\u0107 przysz\u0142a i warto\u015b\u0107 bie\u017c\u0105ca w r\u00f3\u017cnych wariantach kapitalizacji, wp\u0142at, zmienno\u015bci st\u00f3p procentowych. Annuity. Perpetuity. Warto\u015b\u0107 pieni\u0105dza w warunkach inflacji. <\/p>\n<p>4. <strong>Decyzje inwestycyjne w przedsi\u0119biorstwie<\/strong>: Kryteria stosowane w ocenie inwestycji: NPV, IRR, PI, PP, ARR. <\/p>\n<p>5. <strong>Gie\u0142da Papier\u00f3w Warto\u015bciowych<\/strong>: Architektura rynku kapita\u0142owego. Gie\u0142da Papier\u00f3w Warto\u015bciowych w Warszawie: historia, instrumenty, rynki notowa\u0144, cedu\u0142a, system notowa\u0144. <\/p>\n<p>6. <strong>Akcje<\/strong>: Rodzaje, warunki prawne, emitenci. Warto\u015b\u0107 wewn\u0119trzna akcji. Analiza fundamentalna. Analiza techniczna. Modele wyceny akcji: modele dyskontowe (model zdyskontowanych dywidend, model zerowego wzrostu dywidendy, Model Gordona-Shapiro, modele zmiennego wzrostu dywidendy). <\/p>\n<p>7. <strong>Obligacje<\/strong>: rodzaje, warto\u015b\u0107 nominalna, maturity, zabezpieczenia. Obligacje skarbowe, komunalne, korporacyjne. Wycena obligacji. Duracja. Wra\u017cliwo\u015b\u0107 obligacji na zmiany stopy procentowej. Strategie inwestycyjne: porfolio immunization, cash flow matching. <\/p>\n<p>8. <strong>Polityka finansowa<\/strong>: Uniwersalne cele polityki finansowej. Polityka monetarna: w\u0142adze, cele, instrumenty. Polityka fiskalna: w\u0142adze, cele, instrumenty. Krzywa Lorenza. Krzywa Laffera. System podatkowy w Polsce. Struktura finans\u00f3w publicznych w Polsce.<\/p>\n","protected":false},"excerpt":{"rendered":"<p>FINANSE I &#8211; PROGRAM Wyk\u0142ad 30 godz. \u0106wiczenia 30 godz. Cel zaj\u0119\u0107 Celem wyk\u0142adu jest zapoznanie student\u00f3w ze zjawiskami zachodz\u0105cymi w \u015bwiecie finans\u00f3w. W ramach wyk\u0142adu przedstawione zostan\u0105 instrumenty finansowe, instytucje finansowe oraz zasady dzia\u0142ania systemu finansowego. Studenci zapoznaj\u0105 si\u0119 z metodami oceny ekonomiczno-finansowej przedsi\u0119biorstw oraz kryteriami stosowanymi podczas selekcji projekt\u00f3w inwestycyjnych. Na wyk\u0142adach poruszone &hellip; <\/p>\n<p class=\"link-more\"><a href=\"http:\/\/strony.wne.uw.edu.pl\/dgadowska\/finanse-1\/program-zajec\/\" class=\"more-link\">Czytaj dalej<span class=\"screen-reader-text\"> \u201eProgram zaj\u0119\u0107 &#8211; Finanse I\u201d<\/span><\/a><\/p>\n","protected":false},"author":5,"featured_media":0,"parent":58,"menu_order":0,"comment_status":"closed","ping_status":"closed","template":"","meta":[],"_links":{"self":[{"href":"http:\/\/strony.wne.uw.edu.pl\/dgadowska\/wp-json\/wp\/v2\/pages\/25"}],"collection":[{"href":"http:\/\/strony.wne.uw.edu.pl\/dgadowska\/wp-json\/wp\/v2\/pages"}],"about":[{"href":"http:\/\/strony.wne.uw.edu.pl\/dgadowska\/wp-json\/wp\/v2\/types\/page"}],"author":[{"embeddable":true,"href":"http:\/\/strony.wne.uw.edu.pl\/dgadowska\/wp-json\/wp\/v2\/users\/5"}],"replies":[{"embeddable":true,"href":"http:\/\/strony.wne.uw.edu.pl\/dgadowska\/wp-json\/wp\/v2\/comments?post=25"}],"version-history":[{"count":6,"href":"http:\/\/strony.wne.uw.edu.pl\/dgadowska\/wp-json\/wp\/v2\/pages\/25\/revisions"}],"predecessor-version":[{"id":37,"href":"http:\/\/strony.wne.uw.edu.pl\/dgadowska\/wp-json\/wp\/v2\/pages\/25\/revisions\/37"}],"up":[{"embeddable":true,"href":"http:\/\/strony.wne.uw.edu.pl\/dgadowska\/wp-json\/wp\/v2\/pages\/58"}],"wp:attachment":[{"href":"http:\/\/strony.wne.uw.edu.pl\/dgadowska\/wp-json\/wp\/v2\/media?parent=25"}],"curies":[{"name":"wp","href":"https:\/\/api.w.org\/{rel}","templated":true}]}}