{"id":14,"date":"2018-09-23T17:18:33","date_gmt":"2018-09-23T15:18:33","guid":{"rendered":"http:\/\/strony.wne.uw.edu.pl\/dgadowska\/?page_id=14"},"modified":"2020-02-13T15:40:54","modified_gmt":"2020-02-13T14:40:54","slug":"linki","status":"publish","type":"page","link":"http:\/\/strony.wne.uw.edu.pl\/dgadowska\/linki\/","title":{"rendered":"Linki"},"content":{"rendered":"<h3>LINKI<\/h3>\n<h4>Strona g\u0142\u00f3wna Wydzia\u0142u Nauk Ekonomicznych UW:<\/h4>\n<p><a href=\"http:\/\/www.wne.uw.edu.pl\/\" target=\"_blank\" rel=\"noopener noreferrer\">http:\/\/www.wne.uw.edu.pl<\/a><\/p>\n<h4>Inne osoby prowadz\u0105ce wyk\u0142ad z Finans\u00f3w I i II:<\/h4>\n<p><a href=\"https:\/\/usosweb.wne.uw.edu.pl\/kontroler.php?_action=katalog2\/osoby\/pokazOsobe&amp;os_id=2613\" target=\"_blank\" rel=\"noopener noreferrer\">dr Katarzyna D\u0105browska &#8211; Gruszczy\u0144ska<\/a><\/p>\n<p><a href=\"https:\/\/usosweb.wne.uw.edu.pl\/kontroler.php?_action=katalog2\/osoby\/pokazOsobe&amp;os_id=6618\" target=\"_blank\" rel=\"noopener noreferrer\">dr Mateusz Kopyt<\/a><\/p>\n<h4>Pozosta\u0142e osoby prowadz\u0105ce \u0107wiczenia z Finans\u00f3w I i II:<\/h4>\n<p><a href=\"https:\/\/usosweb.wne.uw.edu.pl\/kontroler.php?_action=katalog2\/osoby\/pokazOsobe&amp;os_id=6487\" target=\"_blank\" rel=\"noopener noreferrer\">dr Jaros\u0142aw G\u00f3rski<\/a><\/p>\n<p><a href=\"https:\/\/usosweb.wne.uw.edu.pl\/kontroler.php?_action=katalog2\/osoby\/pokazOsobe&amp;os_id=7081\" target=\"_blank\" rel=\"noopener noreferrer\">dr Agnieszka R\u00f3\u017cycka<\/a><\/p>\n<p><a href=\"https:\/\/usosweb.wne.uw.edu.pl\/kontroler.php?_action=katalog2\/osoby\/pokazOsobe&amp;os_id=117283\">mgr Marek Sylwestrzak<\/a><\/p>\n<p><a href=\"https:\/\/usosweb.wne.uw.edu.pl\/kontroler.php?_action=katalog2\/osoby\/pokazOsobe&amp;os_id=156130\"><span style=\"color: #000000\">mgr Marek \u017bukowski<\/span><\/a><\/p>\n<h4>Inne osoby prowadz\u0105ce wyk\u0142ad 'Ryzyko finansowe&#8217;:<\/h4>\n<p><a href=\"https:\/\/usosweb.wne.uw.edu.pl\/kontroler.php?_action=katalog2\/osoby\/pokazOsobe&amp;os_id=2693\" target=\"_blank\" rel=\"noopener noreferrer\">dr hab. Janusz Kud\u0142a, prof. UW<\/a><\/p>\n<h4>Pozosta\u0142e osoby prowadz\u0105ce \u0107wiczenia do wyk\u0142adu 'Ryzyko finansowe&#8217;<\/h4>\n<p><a href=\"https:\/\/usosweb.wne.uw.edu.pl\/kontroler.php?_action=katalog2\/osoby\/pokazOsobe&amp;os_id=102293\">mgr Kamil Rusak<\/a><\/p>\n<h4>Strony internetowe:<\/h4>\n<p>1.\u00a0<a href=\"http:\/\/www.bis.org\/\" target=\"_blank\" rel=\"noopener noreferrer\">Bank of International Settlements<\/a><\/p>\n<p>2.\u00a0<a href=\"http:\/\/bloomberg.com\/\" target=\"_blank\" rel=\"noopener noreferrer\">Bloomberg<\/a><\/p>\n<p>3.\u00a0<a href=\"http:\/\/www.ecb.int\/\" target=\"_blank\" rel=\"noopener noreferrer\">European Central Bank<\/a><\/p>\n<p>4. <a href=\"http:\/\/www.financialtimes.com\/\" target=\"_blank\" rel=\"noopener noreferrer\">Financial Times<\/a><\/p>\n<p>5.\u00a0<a href=\"http:\/\/www.gpw.com.pl\/\" target=\"_blank\" rel=\"noopener noreferrer\">Gie\u0142da Papier\u00f3w Warto\u015bciowych w Warszawie<\/a><\/p>\n<p>6.\u00a0<a href=\"http:\/\/www.knf.gov.pl\/\">Komisja Nadzoru Finansowego<\/a><\/p>\n<p>7.\u00a0<a href=\"http:\/\/www.stat.gov.pl\/\" target=\"_blank\" rel=\"noopener noreferrer\">G\u0142\u00f3wny Urz\u0105d Statystyczny<\/a><\/p>\n<p>8.\u00a0<a href=\"http:\/\/www.nbp.pl\/\" target=\"_blank\" rel=\"noopener noreferrer\">Narodowy Bank Polski<\/a><\/p>\n<p>9.\u00a0<a href=\"http:\/\/www.federalreserve.gov\/\" target=\"_blank\" rel=\"noopener noreferrer\">Rezerwa Federalna<\/a><\/p>\n<p>10.\u00a0<a href=\"http:\/\/www.economist.com\/\">The Economist<\/a><\/p>\n<p>11.\u00a0<a href=\"http:\/\/wsj.com\/\" target=\"_blank\" rel=\"noopener noreferrer\">Wall Street Journal<\/a><\/p>\n<p>12.\u00a0<a href=\"http:\/\/cnnfn.com\/markets\/world_markets.html\" target=\"_blank\" rel=\"noopener noreferrer\">World Markets from CNN<\/a><\/p>\n<p>13.\u00a0<a href=\"http:\/\/www.forum.money.pl\/\" target=\"_blank\" rel=\"noopener noreferrer\">www.forum.money.pl<\/a><\/p>\n","protected":false},"excerpt":{"rendered":"<p>LINKI Strona g\u0142\u00f3wna Wydzia\u0142u Nauk Ekonomicznych UW: http:\/\/www.wne.uw.edu.pl Inne osoby prowadz\u0105ce wyk\u0142ad z Finans\u00f3w I i II: dr Katarzyna D\u0105browska &#8211; Gruszczy\u0144ska dr Mateusz Kopyt Pozosta\u0142e osoby prowadz\u0105ce \u0107wiczenia z Finans\u00f3w I i II: dr Jaros\u0142aw G\u00f3rski dr Agnieszka R\u00f3\u017cycka mgr Marek Sylwestrzak mgr Marek \u017bukowski Inne osoby prowadz\u0105ce wyk\u0142ad 'Ryzyko finansowe&#8217;: dr hab. Janusz &hellip; <\/p>\n<p class=\"link-more\"><a href=\"http:\/\/strony.wne.uw.edu.pl\/dgadowska\/linki\/\" class=\"more-link\">Czytaj dalej<span class=\"screen-reader-text\"> \u201eLinki\u201d<\/span><\/a><\/p>\n","protected":false},"author":5,"featured_media":0,"parent":0,"menu_order":0,"comment_status":"closed","ping_status":"closed","template":"","meta":[],"_links":{"self":[{"href":"http:\/\/strony.wne.uw.edu.pl\/dgadowska\/wp-json\/wp\/v2\/pages\/14"}],"collection":[{"href":"http:\/\/strony.wne.uw.edu.pl\/dgadowska\/wp-json\/wp\/v2\/pages"}],"about":[{"href":"http:\/\/strony.wne.uw.edu.pl\/dgadowska\/wp-json\/wp\/v2\/types\/page"}],"author":[{"embeddable":true,"href":"http:\/\/strony.wne.uw.edu.pl\/dgadowska\/wp-json\/wp\/v2\/users\/5"}],"replies":[{"embeddable":true,"href":"http:\/\/strony.wne.uw.edu.pl\/dgadowska\/wp-json\/wp\/v2\/comments?post=14"}],"version-history":[{"count":5,"href":"http:\/\/strony.wne.uw.edu.pl\/dgadowska\/wp-json\/wp\/v2\/pages\/14\/revisions"}],"predecessor-version":[{"id":533,"href":"http:\/\/strony.wne.uw.edu.pl\/dgadowska\/wp-json\/wp\/v2\/pages\/14\/revisions\/533"}],"wp:attachment":[{"href":"http:\/\/strony.wne.uw.edu.pl\/dgadowska\/wp-json\/wp\/v2\/media?parent=14"}],"curies":[{"name":"wp","href":"https:\/\/api.w.org\/{rel}","templated":true}]}}